  {"id":7821,"date":"2015-05-06T15:14:34","date_gmt":"2015-05-06T11:14:34","guid":{"rendered":"http:\/\/asue.edu.az\/?page_id=7821"},"modified":"2024-11-25T09:37:49","modified_gmt":"2024-11-25T05:37:49","slug":"student-scientific-society","status":"publish","type":"page","link":"http:\/\/unec.edu.az\/en\/sosial-heyat\/students-organizations\/student-scientific-society\/","title":{"rendered":"STUDENT SCIENTIFIC SOCIETY"},"content":{"rendered":"<h4><a href=\"http:\/\/unec.edu.az\/application\/uploads\/2024\/11\/gulsan_tec.jpg\"><img decoding=\"async\" class=\"alignleft wp-image-451343\" title=\"left\" src=\"http:\/\/unec.edu.az\/application\/uploads\/2024\/11\/gulsan_tec-296x300.jpg\" sizes=\"(max-width: 210px) 100vw, 210px\" srcset=\"https:\/\/unec.edu.az\/application\/uploads\/2024\/11\/gulsan_tec-296x300.jpg 296w, https:\/\/unec.edu.az\/application\/uploads\/2024\/11\/gulsan_tec.jpg 391w\" alt=\"\" width=\"210\" height=\"213\" \/><\/a><\/h4>\n<h4 id=\"tw-target-text\" class=\"tw-data-text tw-text-large tw-ta\" dir=\"ltr\" data-placeholder=\"\u041f\u0435\u0440\u0435\u0432\u043e\u0434\" data-ved=\"2ahUKEwiqs5H7n_KJAxXncPEDHaOlIvYQ3ewLegQICxAU\" aria-label=\"\u041f\u0435\u0440\u0435\u0432\u0435\u0434\u0435\u043d\u043d\u044b\u0439 \u0442\u0435\u043a\u0441\u0442: Chairman of the Student Scientific Society\nGulshan Elshan gizi Yusifova\n\nContact phone:\n+(994) 12 497-58-71\"><span class=\"Y2IQFc\" lang=\"en\"><span style=\"color: #800000;\">Chairman of the Student Scientific Society<br \/>\nGulshan Elshan gizi Yusifova<\/span><\/span><\/h4>\n<p class=\"tw-data-text tw-text-large tw-ta\" dir=\"ltr\" data-placeholder=\"\u041f\u0435\u0440\u0435\u0432\u043e\u0434\" data-ved=\"2ahUKEwiqs5H7n_KJAxXncPEDHaOlIvYQ3ewLegQICxAU\" aria-label=\"\u041f\u0435\u0440\u0435\u0432\u0435\u0434\u0435\u043d\u043d\u044b\u0439 \u0442\u0435\u043a\u0441\u0442: Chairman of the Student Scientific Society\nGulshan Elshan gizi Yusifova\n\nContact phone:\n+(994) 12 497-58-71\"><span style=\"color: #000080;\"><em><span class=\"Y2IQFc\" lang=\"en\"> Contact phone: +(994) 12 497-58-71<\/span><\/em><\/span><\/p>\n<p dir=\"ltr\" data-placeholder=\"\u041f\u0435\u0440\u0435\u0432\u043e\u0434\" data-ved=\"2ahUKEwiqs5H7n_KJAxXncPEDHaOlIvYQ3ewLegQICxAU\" aria-label=\"\u041f\u0435\u0440\u0435\u0432\u0435\u0434\u0435\u043d\u043d\u044b\u0439 \u0442\u0435\u043a\u0441\u0442: Chairman of the Student Scientific Society\nGulshan Elshan gizi Yusifova\n\nContact phone:\n+(994) 12 497-58-71\"><\/p>\n<p dir=\"ltr\" data-placeholder=\"\u041f\u0435\u0440\u0435\u0432\u043e\u0434\" data-ved=\"2ahUKEwiqs5H7n_KJAxXncPEDHaOlIvYQ3ewLegQICxAU\" aria-label=\"\u041f\u0435\u0440\u0435\u0432\u0435\u0434\u0435\u043d\u043d\u044b\u0439 \u0442\u0435\u043a\u0441\u0442: Chairman of the Student Scientific Society\nGulshan Elshan gizi Yusifova\n\nContact phone:\n+(994) 12 497-58-71\"><\/p>\n<p dir=\"ltr\" data-placeholder=\"\u041f\u0435\u0440\u0435\u0432\u043e\u0434\" data-ved=\"2ahUKEwiqs5H7n_KJAxXncPEDHaOlIvYQ3ewLegQICxAU\" aria-label=\"\u041f\u0435\u0440\u0435\u0432\u0435\u0434\u0435\u043d\u043d\u044b\u0439 \u0442\u0435\u043a\u0441\u0442: Chairman of the Student Scientific Society\nGulshan Elshan gizi Yusifova\n\nContact phone:\n+(994) 12 497-58-71\"><span style=\"color: #ffffff;\">*<\/span><\/p>\n<p dir=\"ltr\" data-placeholder=\"\u041f\u0435\u0440\u0435\u0432\u043e\u0434\" data-ved=\"2ahUKEwiqs5H7n_KJAxXncPEDHaOlIvYQ3ewLegQICxAU\" aria-label=\"\u041f\u0435\u0440\u0435\u0432\u0435\u0434\u0435\u043d\u043d\u044b\u0439 \u0442\u0435\u043a\u0441\u0442: Chairman of the Student Scientific Society\nGulshan Elshan gizi Yusifova\n\nContact phone:\n+(994) 12 497-58-71\"><\/p>\n<p dir=\"ltr\" data-placeholder=\"\u041f\u0435\u0440\u0435\u0432\u043e\u0434\" data-ved=\"2ahUKEwiqs5H7n_KJAxXncPEDHaOlIvYQ3ewLegQICxAU\" aria-label=\"\u041f\u0435\u0440\u0435\u0432\u0435\u0434\u0435\u043d\u043d\u044b\u0439 \u0442\u0435\u043a\u0441\u0442: Chairman of the Student Scientific Society\nGulshan Elshan gizi Yusifova\n\nContact phone:\n+(994) 12 497-58-71\"><span style=\"color: #ffffff;\">****<\/span><\/p>\n<p dir=\"ltr\" data-placeholder=\"\u041f\u0435\u0440\u0435\u0432\u043e\u0434\" data-ved=\"2ahUKEwiqs5H7n_KJAxXncPEDHaOlIvYQ3ewLegQICxAU\" aria-label=\"\u041f\u0435\u0440\u0435\u0432\u0435\u0434\u0435\u043d\u043d\u044b\u0439 \u0442\u0435\u043a\u0441\u0442: Chairman of the Student Scientific Society\nGulshan Elshan gizi Yusifova\n\nContact phone:\n+(994) 12 497-58-71\"><span style=\"color: #ffffff;\">*<\/span><\/p>\n<p><span style=\"color: #ffffff;\">****<\/span><\/p>\n<h4><span style=\"color: #000080;\"><a style=\"color: #000080;\" href=\"https:\/\/unec.edu.az\/en\/tec-xeberleri\/\"><strong><em><span class=\"Y2IQFc\" lang=\"en\">News of the Student Scientific Society unec.edu.az<\/span><\/em><\/strong><\/a><\/span><\/h4>\n<p><span style=\"color: #000000;\"><em><span style=\"color: #000000;\"><a class=\"fancybox-thumb\" href=\"http:\/\/unec.edu.az\/application\/uploads\/2024\/06\/G60A7634-1-scaled.jpg\"><img decoding=\"async\" class=\"fancybox-margin alignnone wp-image-439856 size-thumbnail\" src=\"http:\/\/unec.edu.az\/application\/uploads\/2024\/06\/G60A7634-1-150x150.jpg\" alt=\"\" width=\"150\" height=\"150\" \/><\/a>\u00a0<a class=\"fancybox-thumb\" href=\"http:\/\/unec.edu.az\/application\/uploads\/2024\/06\/G60A7627-1-scaled.jpg\"><img decoding=\"async\" class=\"fancybox-margin alignnone wp-image-439853 size-thumbnail\" src=\"http:\/\/unec.edu.az\/application\/uploads\/2024\/06\/G60A7627-1-150x150.jpg\" alt=\"\" width=\"150\" height=\"150\" \/><\/a><a class=\"fancybox-thumb\" href=\"https:\/\/unec.edu.az\/application\/uploads\/2015\/02\/narminn7f0.jpg\"><img loading=\"lazy\" decoding=\"async\" class=\"fancybox-margin alignnone wp-image-125743 size-thumbnail\" title=\"91µÎµÎ TEC-\u0259 yeni s\u0259dr se\u00e7ilib (30.05.2018)\" src=\"https:\/\/unec.edu.az\/application\/uploads\/2015\/02\/narminn7f0-150x150.jpg\" alt=\"narminn7f0\" width=\"150\" height=\"150\" \/><\/a><a class=\"fancybox-thumb\" href=\"https:\/\/unec.edu.az\/application\/uploads\/2016\/11\/qalib3.jpg\"><img loading=\"lazy\" decoding=\"async\" class=\"fancybox-margin  alignnone wp-image-71099 size-thumbnail\" title=\"91µÎµÎ III \u00dcmumrespublika bilik yar\u0131\u015f\u0131n\u0131n qalibi olub\" src=\"https:\/\/unec.edu.az\/application\/uploads\/2016\/11\/qalib3-150x150.jpg\" alt=\"qalib3\" width=\"150\" height=\"150\" \/><\/a><a class=\"fancybox-thumb\" href=\"https:\/\/unec.edu.az\/application\/uploads\/2016\/11\/qalib6.jpg\"><img loading=\"lazy\" decoding=\"async\" class=\"fancybox-margin  alignnone wp-image-71101 size-thumbnail\" title=\"91µÎµÎ III \u00dcmumrespublika bilik yar\u0131\u015f\u0131n\u0131n qalibi olub\" src=\"https:\/\/unec.edu.az\/application\/uploads\/2016\/11\/qalib6-150x150.jpg\" alt=\"qalib6\" width=\"150\" height=\"150\" \/><\/a><a class=\"fancybox-thumb\" href=\"https:\/\/unec.edu.az\/application\/uploads\/2016\/11\/WhatsApp-Image-2016-11-08-at-15.31.41.jpeg\"><img loading=\"lazy\" decoding=\"async\" class=\"fancybox-margin  alignnone wp-image-71104 size-thumbnail\" title=\"91µÎµÎ III \u00dcmumrespublika bilik yar\u0131\u015f\u0131n\u0131n qalibi olub\" src=\"https:\/\/unec.edu.az\/application\/uploads\/2016\/11\/WhatsApp-Image-2016-11-08-at-15.31.41-150x150.jpeg\" alt=\"WhatsApp Image 2016-11-08 at 15.31.41\" width=\"150\" height=\"150\" \/><\/a><\/span><\/em><br \/>\n<\/span><\/p>\n","protected":false},"excerpt":{"rendered":"<p>Chairman of the Student Scientific Society Gulshan Elshan gizi Yusifova Contact phone: +(994) 12 497-58-71 * **** * **** News of the Student Scientific Society unec.edu.az \u00a0<\/p>\n","protected":false},"author":10,"featured_media":0,"parent":7833,"menu_order":1,"comment_status":"open","ping_status":"open","template":"page-templates\/3columncontent.php","meta":{"footnotes":""},"class_list":["post-7821","page","type-page","status-publish","hentry"],"_links":{"self":[{"href":"http:\/\/unec.edu.az\/en\/wp-json\/wp\/v2\/pages\/7821","targetHints":{"allow":["GET"]}}],"collection":[{"href":"http:\/\/unec.edu.az\/en\/wp-json\/wp\/v2\/pages"}],"about":[{"href":"http:\/\/unec.edu.az\/en\/wp-json\/wp\/v2\/types\/page"}],"author":[{"embeddable":true,"href":"http:\/\/unec.edu.az\/en\/wp-json\/wp\/v2\/users\/10"}],"replies":[{"embeddable":true,"href":"http:\/\/unec.edu.az\/en\/wp-json\/wp\/v2\/comments?post=7821"}],"version-history":[{"count":73,"href":"http:\/\/unec.edu.az\/en\/wp-json\/wp\/v2\/pages\/7821\/revisions"}],"predecessor-version":[{"id":451376,"href":"http:\/\/unec.edu.az\/en\/wp-json\/wp\/v2\/pages\/7821\/revisions\/451376"}],"up":[{"embeddable":true,"href":"http:\/\/unec.edu.az\/en\/wp-json\/wp\/v2\/pages\/7833"}],"wp:attachment":[{"href":"http:\/\/unec.edu.az\/en\/wp-json\/wp\/v2\/media?parent=7821"}],"curies":[{"name":"wp","href":"https:\/\/api.w.org\/{rel}","templated":true}]}}